{"id":25317,"date":"2020-10-13T16:11:15","date_gmt":"2020-10-13T14:11:15","guid":{"rendered":"https:\/\/marketingexpert.pl\/?page_id=25317"},"modified":"2021-08-24T14:00:27","modified_gmt":"2021-08-24T12:00:27","slug":"zrzeczenie-sie-odpowiedzialnosci","status":"publish","type":"page","link":"https:\/\/marketingexpert.pl\/en\/zrzeczenie-sie-odpowiedzialnosci\/","title":{"rendered":"Waiver of Liability"},"content":{"rendered":"<div data-elementor-type=\"wp-page\" data-elementor-id=\"25317\" class=\"elementor elementor-25317\">\n\t\t\t\t\t\t<section class=\"elementor-section elementor-top-section elementor-element elementor-element-3d3216e elementor-section-boxed elementor-section-height-default elementor-section-height-default\" data-id=\"3d3216e\" data-element_type=\"section\" data-e-type=\"section\">\n\t\t\t\t\t\t<div class=\"elementor-container elementor-column-gap-default\">\n\t\t\t\t\t<div class=\"elementor-column elementor-col-100 elementor-top-column elementor-element elementor-element-4b92c3c\" data-id=\"4b92c3c\" data-element_type=\"column\" data-e-type=\"column\">\n\t\t\t<div class=\"elementor-widget-wrap elementor-element-populated\">\n\t\t\t\t\t\t<div class=\"elementor-element elementor-element-2ca2f74 elementor-widget elementor-widget-heading\" data-id=\"2ca2f74\" data-element_type=\"widget\" data-e-type=\"widget\" data-widget_type=\"heading.default\">\n\t\t\t\t<div class=\"elementor-widget-container\">\n\t\t\t\t\t<h2 class=\"elementor-heading-title elementor-size-default\">Waiver of Liability<\/h2>\t\t\t\t<\/div>\n\t\t\t\t<\/div>\n\t\t\t\t<div class=\"elementor-element elementor-element-fbcb4b1 elementor-widget elementor-widget-text-editor\" data-id=\"fbcb4b1\" data-element_type=\"widget\" data-e-type=\"widget\" data-widget_type=\"text-editor.default\">\n\t\t\t\t<div class=\"elementor-widget-container\">\n\t\t\t\t\t\t\t\t\t<p>1. Naszym celem jest dok\u0142adne przedstawienie naszych us\u0142ug, jednak nie sk\u0142adamy \u017cadnych obietnic dotycz\u0105cych twoich przysz\u0142ych zarobk\u00f3w lub dochod\u00f3w zwi\u0105zanych z naszym kursem. Nie mo\u017cemy obieca\u0107, \u017ce zarobisz okre\u015blon\u0105 kwot\u0119 lub w og\u00f3le jakiekolwiek pieni\u0105dze, lub \u017ce nie stracisz pieni\u0119dzy.<\/p>\n<p>2. Zarobki kt\u00f3re przedstawiamy na naszych stronach, kt\u00f3re s\u0105 zwi\u0105zane z naszym kursem przedstawiaj\u0105 szacunkowe zarobki os\u00f3b, kt\u00f3re prowadz\u0105 dropshipping. Jednak nie mo\u017cemy obieca\u0107 ci, \u017ce mo\u017cesz zarobi\u0107 tyle samo, lub w og\u00f3le zarobi\u0107 pieni\u0105dze, lub \u017ce nie stracisz pieni\u0119dzy prowadz\u0105cy biznes e-commerce (dropshipping).<\/p>\n<p><\/p>\n<p>4. O\u015bwiadczenia lub przyk\u0142ady zarobk\u00f3w na tej stronie, kt\u00f3re s\u0105 przypisane okre\u015blonej osobie lub firmie, nie s\u0105 zweryfikowane i nie gwarantujemy, \u017ce s\u0105 to prawdziwe o\u015bwiadczenia zwi\u0105zane z zarobkami. Jednak wszystkie zdj\u0119cia dotycz\u0105ce naszych zarobk\u00f3w s\u0105 prawdziwe i w ka\u017cdej chwili mo\u017cemy je zweryfikowa\u0107. Zdj\u0119cia te nie powinny by\u0107 jednak traktowane jako gwarancja lub obietnica zarobk\u00f3w oraz dochod\u00f3w. Istnieje du\u017ca ilo\u015b\u0107 czynnik\u00f3w kt\u00f3ra wp\u0142ywa na zarobki oraz doch\u00f3d i nie jeste\u015bmy w stanie ich kontrolowa\u0107. Podstawowymi czynnikami s\u0105: kondycja finansowa, umiej\u0119tno\u015bci, poziom wysi\u0142ku, talent, karma nagromadzona podczas poprzednich \u017cy\u0107, a tak\u017ce motywacja.<\/p>\n<p><\/p>\n<p>5. Musisz wiedzie\u0107, \u017ce prowadzenie dzia\u0142alno\u015bci w internecie zwi\u0105zane jest z wieloma zagro\u017ceniami. Wykorzystuj\u0105c wiedz\u0119 podan\u0105 w kursie znajduj\u0105cym si\u0119&nbsp; na naszej stronie internetowej (www.marketingexpert.pl, oraz stronach partnerskich) musisz mie\u0107 \u015bwiadomo\u015b\u0107, \u017ce biznes internetowy mo\u017ce nie by\u0107 odpowiedni dla ciebie i \u017ce mo\u017cesz do\u015bwiadczy\u0107 znacznych strat lub nie wygenerowa\u0107 \u017cadnych dochod\u00f3w\/zarobk\u00f3w.<\/p>\n<p><\/p>\n<p>6. Oceniaj\u0105c nasze us\u0142ug i \/ lub produkty musisz dokona\u0107 nale\u017cytej staranno\u015bci, w tym powiniene\u015b opiera\u0107 wszystkie decyzje na wykwalifikowanych profesjonalnych doradcach, kt\u00f3rzy pomog\u0105 Ci w ocenie.<\/p>\n<p><\/p>\n<p>7. Z powy\u017cszych powod\u00f3w zgadzasz si\u0119, \u017ce nie ponosimy odpowiedzialno\u015bci za jakiekolwiek decyzje, kt\u00f3re mo\u017cesz podj\u0105\u0107 w odniesieniu do informacji prezentowanych na tej stronie internetowej lub jakichkolwiek us\u0142ug i \/ lub produkt\u00f3w prezentowanych na tej stronie.<\/p>\t\t\t\t\t\t\t\t<\/div>\n\t\t\t\t<\/div>\n\t\t\t\t\t<\/div>\n\t\t<\/div>\n\t\t\t\t\t<\/div>\n\t\t<\/section>\n\t\t\t\t<\/div>","protected":false},"excerpt":{"rendered":"<p>Zrzeczenie si\u0119 Odpowiedzialno\u015bci 1. Naszym celem jest dok\u0142adne przedstawienie naszych us\u0142ug, jednak nie sk\u0142adamy \u017cadnych obietnic dotycz\u0105cych twoich przysz\u0142ych zarobk\u00f3w lub dochod\u00f3w zwi\u0105zanych z naszym kursem. Nie mo\u017cemy obieca\u0107, \u017ce zarobisz okre\u015blon\u0105 kwot\u0119 lub w og\u00f3le jakiekolwiek pieni\u0105dze, lub \u017ce nie stracisz pieni\u0119dzy. 2. Zarobki kt\u00f3re przedstawiamy na naszych stronach, kt\u00f3re s\u0105 zwi\u0105zane z naszym [&hellip;]<\/p>\n","protected":false},"author":1,"featured_media":0,"parent":0,"menu_order":0,"comment_status":"closed","ping_status":"closed","template":"","meta":{"site-sidebar-layout":"no-sidebar","site-content-layout":"page-builder","ast-site-content-layout":"default","site-content-style":"default","site-sidebar-style":"default","ast-global-header-display":"","ast-banner-title-visibility":"","ast-main-header-display":"","ast-hfb-above-header-display":"","ast-hfb-below-header-display":"","ast-hfb-mobile-header-display":"","site-post-title":"disabled","ast-breadcrumbs-content":"","ast-featured-img":"disabled","footer-sml-layout":"","ast-disable-related-posts":"","theme-transparent-header-meta":"default","adv-header-id-meta":"","stick-header-meta":"","header-above-stick-meta":"","header-main-stick-meta":"","header-below-stick-meta":"","astra-migrate-meta-layouts":"default","ast-page-background-enabled":"default","ast-page-background-meta":{"desktop":{"background-color":"","background-image":"","background-repeat":"repeat","background-position":"center center","background-size":"auto","background-attachment":"scroll","background-type":"","background-media":"","overlay-type":"","overlay-color":"","overlay-opacity":"","overlay-gradient":""},"tablet":{"background-color":"","background-image":"","background-repeat":"repeat","background-position":"center center","background-size":"auto","background-attachment":"scroll","background-type":"","background-media":"","overlay-type":"","overlay-color":"","overlay-opacity":"","overlay-gradient":""},"mobile":{"background-color":"","background-image":"","background-repeat":"repeat","background-position":"center center","background-size":"auto","background-attachment":"scroll","background-type":"","background-media":"","overlay-type":"","overlay-color":"","overlay-opacity":"","overlay-gradient":""}},"ast-content-background-meta":{"desktop":{"background-color":"var(--ast-global-color-5)","background-image":"","background-repeat":"repeat","background-position":"center center","background-size":"auto","background-attachment":"scroll","background-type":"","background-media":"","overlay-type":"","overlay-color":"","overlay-opacity":"","overlay-gradient":""},"tablet":{"background-color":"var(--ast-global-color-5)","background-image":"","background-repeat":"repeat","background-position":"center center","background-size":"auto","background-attachment":"scroll","background-type":"","background-media":"","overlay-type":"","overlay-color":"","overlay-opacity":"","overlay-gradient":""},"mobile":{"background-color":"var(--ast-global-color-5)","background-image":"","background-repeat":"repeat","background-position":"center center","background-size":"auto","background-attachment":"scroll","background-type":"","background-media":"","overlay-type":"","overlay-color":"","overlay-opacity":"","overlay-gradient":""}},"footnotes":""},"class_list":["post-25317","page","type-page","status-publish","hentry"],"yoast_head":"<!-- This site is optimized with the Yoast SEO plugin v27.6 - https:\/\/yoast.com\/product\/yoast-seo-wordpress\/ -->\n<title>Zrzeczenie si\u0119 Odpowiedzialno\u015bci - MarketingExpert<\/title>\n<meta name=\"robots\" content=\"index, follow, max-snippet:-1, max-image-preview:large, max-video-preview:-1\" \/>\n<link rel=\"canonical\" href=\"https:\/\/marketingexpert.pl\/en\/zrzeczenie-sie-odpowiedzialnosci\/\" \/>\n<meta property=\"og:locale\" content=\"en_US\" \/>\n<meta property=\"og:type\" content=\"article\" \/>\n<meta property=\"og:title\" content=\"Zrzeczenie si\u0119 Odpowiedzialno\u015bci - MarketingExpert\" \/>\n<meta property=\"og:description\" content=\"Zrzeczenie si\u0119 Odpowiedzialno\u015bci 1. Naszym celem jest dok\u0142adne przedstawienie naszych us\u0142ug, jednak nie sk\u0142adamy \u017cadnych obietnic dotycz\u0105cych twoich przysz\u0142ych zarobk\u00f3w lub dochod\u00f3w zwi\u0105zanych z naszym kursem. Nie mo\u017cemy obieca\u0107, \u017ce zarobisz okre\u015blon\u0105 kwot\u0119 lub w og\u00f3le jakiekolwiek pieni\u0105dze, lub \u017ce nie stracisz pieni\u0119dzy. 2. Zarobki kt\u00f3re przedstawiamy na naszych stronach, kt\u00f3re s\u0105 zwi\u0105zane z naszym [&hellip;]\" \/>\n<meta property=\"og:url\" content=\"https:\/\/marketingexpert.pl\/en\/zrzeczenie-sie-odpowiedzialnosci\/\" \/>\n<meta property=\"og:site_name\" content=\"MarketingExpert\" \/>\n<meta property=\"article:modified_time\" content=\"2021-08-24T12:00:27+00:00\" \/>\n<meta name=\"twitter:card\" content=\"summary_large_image\" \/>\n<meta name=\"twitter:label1\" content=\"Est. reading time\" \/>\n\t<meta name=\"twitter:data1\" content=\"2 minutes\" \/>\n<script type=\"application\/ld+json\" class=\"yoast-schema-graph\">{\"@context\":\"https:\\\/\\\/schema.org\",\"@graph\":[{\"@type\":\"WebPage\",\"@id\":\"https:\\\/\\\/marketingexpert.pl\\\/zrzeczenie-sie-odpowiedzialnosci\\\/\",\"url\":\"https:\\\/\\\/marketingexpert.pl\\\/zrzeczenie-sie-odpowiedzialnosci\\\/\",\"name\":\"Zrzeczenie si\u0119 Odpowiedzialno\u015bci - MarketingExpert\",\"isPartOf\":{\"@id\":\"https:\\\/\\\/marketingexpert.pl\\\/#website\"},\"datePublished\":\"2020-10-13T14:11:15+00:00\",\"dateModified\":\"2021-08-24T12:00:27+00:00\",\"breadcrumb\":{\"@id\":\"https:\\\/\\\/marketingexpert.pl\\\/zrzeczenie-sie-odpowiedzialnosci\\\/#breadcrumb\"},\"inLanguage\":\"en-US\",\"potentialAction\":[{\"@type\":\"ReadAction\",\"target\":[\"https:\\\/\\\/marketingexpert.pl\\\/zrzeczenie-sie-odpowiedzialnosci\\\/\"]}]},{\"@type\":\"BreadcrumbList\",\"@id\":\"https:\\\/\\\/marketingexpert.pl\\\/zrzeczenie-sie-odpowiedzialnosci\\\/#breadcrumb\",\"itemListElement\":[{\"@type\":\"ListItem\",\"position\":1,\"name\":\"Home\",\"item\":\"https:\\\/\\\/marketingexpert.pl\\\/\"},{\"@type\":\"ListItem\",\"position\":2,\"name\":\"Zrzeczenie si\u0119 Odpowiedzialno\u015bci\"}]},{\"@type\":\"WebSite\",\"@id\":\"https:\\\/\\\/marketingexpert.pl\\\/#website\",\"url\":\"https:\\\/\\\/marketingexpert.pl\\\/\",\"name\":\"MarketingExpert\",\"description\":\"\",\"publisher\":{\"@id\":\"https:\\\/\\\/marketingexpert.pl\\\/#organization\"},\"potentialAction\":[{\"@type\":\"SearchAction\",\"target\":{\"@type\":\"EntryPoint\",\"urlTemplate\":\"https:\\\/\\\/marketingexpert.pl\\\/?s={search_term_string}\"},\"query-input\":{\"@type\":\"PropertyValueSpecification\",\"valueRequired\":true,\"valueName\":\"search_term_string\"}}],\"inLanguage\":\"en-US\"},{\"@type\":\"Organization\",\"@id\":\"https:\\\/\\\/marketingexpert.pl\\\/#organization\",\"name\":\"MarketingExpert\",\"url\":\"https:\\\/\\\/marketingexpert.pl\\\/\",\"logo\":{\"@type\":\"ImageObject\",\"inLanguage\":\"en-US\",\"@id\":\"https:\\\/\\\/marketingexpert.pl\\\/#\\\/schema\\\/logo\\\/image\\\/\",\"url\":\"https:\\\/\\\/marketingexpert.pl\\\/wp-content\\\/uploads\\\/2020\\\/12\\\/cropped-cropped-cropped-cropped-Kopia_llando__6_-removebg-preview.png\",\"contentUrl\":\"https:\\\/\\\/marketingexpert.pl\\\/wp-content\\\/uploads\\\/2020\\\/12\\\/cropped-cropped-cropped-cropped-Kopia_llando__6_-removebg-preview.png\",\"width\":344,\"height\":89,\"caption\":\"MarketingExpert\"},\"image\":{\"@id\":\"https:\\\/\\\/marketingexpert.pl\\\/#\\\/schema\\\/logo\\\/image\\\/\"}}]}<\/script>\n<!-- \/ Yoast SEO plugin. -->","yoast_head_json":{"title":"Zrzeczenie si\u0119 Odpowiedzialno\u015bci - MarketingExpert","robots":{"index":"index","follow":"follow","max-snippet":"max-snippet:-1","max-image-preview":"max-image-preview:large","max-video-preview":"max-video-preview:-1"},"canonical":"https:\/\/marketingexpert.pl\/en\/zrzeczenie-sie-odpowiedzialnosci\/","og_locale":"en_US","og_type":"article","og_title":"Zrzeczenie si\u0119 Odpowiedzialno\u015bci - MarketingExpert","og_description":"Zrzeczenie si\u0119 Odpowiedzialno\u015bci 1. Naszym celem jest dok\u0142adne przedstawienie naszych us\u0142ug, jednak nie sk\u0142adamy \u017cadnych obietnic dotycz\u0105cych twoich przysz\u0142ych zarobk\u00f3w lub dochod\u00f3w zwi\u0105zanych z naszym kursem. Nie mo\u017cemy obieca\u0107, \u017ce zarobisz okre\u015blon\u0105 kwot\u0119 lub w og\u00f3le jakiekolwiek pieni\u0105dze, lub \u017ce nie stracisz pieni\u0119dzy. 2. Zarobki kt\u00f3re przedstawiamy na naszych stronach, kt\u00f3re s\u0105 zwi\u0105zane z naszym [&hellip;]","og_url":"https:\/\/marketingexpert.pl\/en\/zrzeczenie-sie-odpowiedzialnosci\/","og_site_name":"MarketingExpert","article_modified_time":"2021-08-24T12:00:27+00:00","twitter_card":"summary_large_image","twitter_misc":{"Est. reading time":"2 minutes"},"schema":{"@context":"https:\/\/schema.org","@graph":[{"@type":"WebPage","@id":"https:\/\/marketingexpert.pl\/zrzeczenie-sie-odpowiedzialnosci\/","url":"https:\/\/marketingexpert.pl\/zrzeczenie-sie-odpowiedzialnosci\/","name":"Zrzeczenie si\u0119 Odpowiedzialno\u015bci - MarketingExpert","isPartOf":{"@id":"https:\/\/marketingexpert.pl\/#website"},"datePublished":"2020-10-13T14:11:15+00:00","dateModified":"2021-08-24T12:00:27+00:00","breadcrumb":{"@id":"https:\/\/marketingexpert.pl\/zrzeczenie-sie-odpowiedzialnosci\/#breadcrumb"},"inLanguage":"en-US","potentialAction":[{"@type":"ReadAction","target":["https:\/\/marketingexpert.pl\/zrzeczenie-sie-odpowiedzialnosci\/"]}]},{"@type":"BreadcrumbList","@id":"https:\/\/marketingexpert.pl\/zrzeczenie-sie-odpowiedzialnosci\/#breadcrumb","itemListElement":[{"@type":"ListItem","position":1,"name":"Home","item":"https:\/\/marketingexpert.pl\/"},{"@type":"ListItem","position":2,"name":"Zrzeczenie si\u0119 Odpowiedzialno\u015bci"}]},{"@type":"WebSite","@id":"https:\/\/marketingexpert.pl\/#website","url":"https:\/\/marketingexpert.pl\/","name":"MarketingExpert","description":"","publisher":{"@id":"https:\/\/marketingexpert.pl\/#organization"},"potentialAction":[{"@type":"SearchAction","target":{"@type":"EntryPoint","urlTemplate":"https:\/\/marketingexpert.pl\/?s={search_term_string}"},"query-input":{"@type":"PropertyValueSpecification","valueRequired":true,"valueName":"search_term_string"}}],"inLanguage":"en-US"},{"@type":"Organization","@id":"https:\/\/marketingexpert.pl\/#organization","name":"MarketingExpert","url":"https:\/\/marketingexpert.pl\/","logo":{"@type":"ImageObject","inLanguage":"en-US","@id":"https:\/\/marketingexpert.pl\/#\/schema\/logo\/image\/","url":"https:\/\/marketingexpert.pl\/wp-content\/uploads\/2020\/12\/cropped-cropped-cropped-cropped-Kopia_llando__6_-removebg-preview.png","contentUrl":"https:\/\/marketingexpert.pl\/wp-content\/uploads\/2020\/12\/cropped-cropped-cropped-cropped-Kopia_llando__6_-removebg-preview.png","width":344,"height":89,"caption":"MarketingExpert"},"image":{"@id":"https:\/\/marketingexpert.pl\/#\/schema\/logo\/image\/"}}]}},"_links":{"self":[{"href":"https:\/\/marketingexpert.pl\/en\/wp-json\/wp\/v2\/pages\/25317","targetHints":{"allow":["GET"]}}],"collection":[{"href":"https:\/\/marketingexpert.pl\/en\/wp-json\/wp\/v2\/pages"}],"about":[{"href":"https:\/\/marketingexpert.pl\/en\/wp-json\/wp\/v2\/types\/page"}],"author":[{"embeddable":true,"href":"https:\/\/marketingexpert.pl\/en\/wp-json\/wp\/v2\/users\/1"}],"replies":[{"embeddable":true,"href":"https:\/\/marketingexpert.pl\/en\/wp-json\/wp\/v2\/comments?post=25317"}],"version-history":[{"count":5,"href":"https:\/\/marketingexpert.pl\/en\/wp-json\/wp\/v2\/pages\/25317\/revisions"}],"predecessor-version":[{"id":25322,"href":"https:\/\/marketingexpert.pl\/en\/wp-json\/wp\/v2\/pages\/25317\/revisions\/25322"}],"wp:attachment":[{"href":"https:\/\/marketingexpert.pl\/en\/wp-json\/wp\/v2\/media?parent=25317"}],"curies":[{"name":"wp","href":"https:\/\/api.w.org\/{rel}","templated":true}]}}